{"id":1984,"date":"2023-07-11T21:53:21","date_gmt":"2023-07-11T19:53:21","guid":{"rendered":"https:\/\/i4next.hr\/?page_id=1984"},"modified":"2023-11-29T15:44:43","modified_gmt":"2023-11-29T14:44:43","slug":"eticki-kodeks","status":"publish","type":"page","link":"https:\/\/i4next.hr\/index.php\/eticki-kodeks\/","title":{"rendered":"Eti\u010dki kodeks"},"content":{"rendered":"\t\t<div data-elementor-type=\"wp-page\" data-elementor-id=\"1984\" class=\"elementor elementor-1984\" data-elementor-post-type=\"page\">\n\t\t\t\t\t\t<section class=\"elementor-section elementor-top-section elementor-element elementor-element-3038b808 elementor-section-content-middle elementor-section-height-min-height elementor-section-boxed elementor-section-height-default elementor-section-items-middle\" data-id=\"3038b808\" data-element_type=\"section\" data-settings=\"{&quot;background_background&quot;:&quot;classic&quot;}\">\n\t\t\t\t\t\t\t<div class=\"elementor-background-overlay\"><\/div>\n\t\t\t\t\t\t\t<div class=\"elementor-container elementor-column-gap-no\">\n\t\t\t\t\t<div class=\"elementor-column elementor-col-100 elementor-top-column elementor-element elementor-element-2709dcd6\" data-id=\"2709dcd6\" data-element_type=\"column\">\n\t\t\t<div class=\"elementor-widget-wrap elementor-element-populated\">\n\t\t\t\t\t\t<div class=\"elementor-element elementor-element-1e22e334 elementor-widget__width-initial elementor-widget-mobile__width-inherit elementor-widget-tablet__width-inherit elementor-invisible elementor-widget elementor-widget-heading\" data-id=\"1e22e334\" data-element_type=\"widget\" data-settings=\"{&quot;_animation&quot;:&quot;fadeIn&quot;,&quot;_animation_delay&quot;:100}\" data-widget_type=\"heading.default\">\n\t\t\t\t<div class=\"elementor-widget-container\">\n\t\t\t<style>\/*! elementor - v3.19.0 - 07-02-2024 *\/\n.elementor-heading-title{padding:0;margin:0;line-height:1}.elementor-widget-heading .elementor-heading-title[class*=elementor-size-]>a{color:inherit;font-size:inherit;line-height:inherit}.elementor-widget-heading .elementor-heading-title.elementor-size-small{font-size:15px}.elementor-widget-heading .elementor-heading-title.elementor-size-medium{font-size:19px}.elementor-widget-heading .elementor-heading-title.elementor-size-large{font-size:29px}.elementor-widget-heading .elementor-heading-title.elementor-size-xl{font-size:39px}.elementor-widget-heading .elementor-heading-title.elementor-size-xxl{font-size:59px}<\/style><h1 class=\"elementor-heading-title elementor-size-default\">Eti\u010dki kodeks<\/h1>\t\t<\/div>\n\t\t\t\t<\/div>\n\t\t\t\t\t<\/div>\n\t\t<\/div>\n\t\t\t\t\t<\/div>\n\t\t<\/section>\n\t\t\t\t<section class=\"elementor-section elementor-top-section elementor-element elementor-element-9d378b7 elementor-section-boxed elementor-section-height-default elementor-section-height-default\" data-id=\"9d378b7\" data-element_type=\"section\">\n\t\t\t\t\t\t<div class=\"elementor-container elementor-column-gap-default\">\n\t\t\t\t\t<div class=\"elementor-column elementor-col-100 elementor-top-column elementor-element elementor-element-37c4d6f\" data-id=\"37c4d6f\" data-element_type=\"column\">\n\t\t\t<div class=\"elementor-widget-wrap elementor-element-populated\">\n\t\t\t\t\t\t<div class=\"elementor-element elementor-element-4d9b3e3 elementor-widget elementor-widget-text-editor\" data-id=\"4d9b3e3\" data-element_type=\"widget\" data-widget_type=\"text-editor.default\">\n\t\t\t\t<div class=\"elementor-widget-container\">\n\t\t\t<style>\/*! elementor - v3.19.0 - 07-02-2024 *\/\n.elementor-widget-text-editor.elementor-drop-cap-view-stacked .elementor-drop-cap{background-color:#69727d;color:#fff}.elementor-widget-text-editor.elementor-drop-cap-view-framed .elementor-drop-cap{color:#69727d;border:3px solid;background-color:transparent}.elementor-widget-text-editor:not(.elementor-drop-cap-view-default) .elementor-drop-cap{margin-top:8px}.elementor-widget-text-editor:not(.elementor-drop-cap-view-default) .elementor-drop-cap-letter{width:1em;height:1em}.elementor-widget-text-editor .elementor-drop-cap{float:left;text-align:center;line-height:1;font-size:50px}.elementor-widget-text-editor .elementor-drop-cap-letter{display:inline-block}<\/style>\t\t\t\t<p style=\"text-align: center;\">Eti\u010dki kodeks utvr\u0111uje na\u010dine postupanja poslovnih subjekata u svrhu pouzdanog i transparentnog uvo\u0111enja eura u Republici Hrvatskoj, s ciljem stvaranja povjerenja i sigurnog okru\u017eenja za potro\u0161a\u010de.<br \/><b>Eti\u010dki kodeks namijenjen je svakom poslovnom subjektu u nefinancijskom i financijskom sektoru, koji radi u Republici Hrvatskoj i posluje u izravnom odnosu s potro\u0161a\u010dima. <\/b><br \/>S danom pristupanja Eti\u010dkom kodeksu, poslovni subjekt stje\u010de pravo na postavljanje vizualne identifikacijske oznake te <b>prihva\u0107a i jam\u010di provedbu na\u010dela Eti\u010dkog kodeksa:<\/b><\/p>\t\t\t\t\t\t<\/div>\n\t\t\t\t<\/div>\n\t\t\t\t\t<\/div>\n\t\t<\/div>\n\t\t\t\t\t<\/div>\n\t\t<\/section>\n\t\t\t\t<section class=\"elementor-section elementor-top-section elementor-element elementor-element-2e7361d1 elementor-section-boxed elementor-section-height-default elementor-section-height-default\" data-id=\"2e7361d1\" data-element_type=\"section\" data-settings=\"{&quot;background_background&quot;:&quot;classic&quot;}\">\n\t\t\t\t\t\t\t<div class=\"elementor-background-overlay\"><\/div>\n\t\t\t\t\t\t\t<div class=\"elementor-container elementor-column-gap-default\">\n\t\t\t\t\t<div class=\"elementor-column elementor-col-100 elementor-top-column elementor-element elementor-element-5f304e0a\" data-id=\"5f304e0a\" data-element_type=\"column\">\n\t\t\t<div class=\"elementor-widget-wrap elementor-element-populated\">\n\t\t\t\t\t\t<section class=\"elementor-section elementor-inner-section elementor-element elementor-element-4645f2f2 elementor-section-content-middle envato-kit-164-top-0 elementor-section-boxed elementor-section-height-default elementor-section-height-default\" data-id=\"4645f2f2\" data-element_type=\"section\">\n\t\t\t\t\t\t<div class=\"elementor-container elementor-column-gap-wider\">\n\t\t\t\t\t<div class=\"elementor-column elementor-col-50 elementor-inner-column elementor-element elementor-element-1c93e9b4 elementor-invisible\" data-id=\"1c93e9b4\" data-element_type=\"column\" data-settings=\"{&quot;animation&quot;:&quot;fadeIn&quot;,&quot;animation_delay&quot;:100}\">\n\t\t\t<div class=\"elementor-widget-wrap elementor-element-populated\">\n\t\t\t\t\t\t<div class=\"elementor-element elementor-element-2dd8387 elementor-widget elementor-widget-text-editor\" data-id=\"2dd8387\" data-element_type=\"widget\" data-widget_type=\"text-editor.default\">\n\t\t\t\t<div class=\"elementor-widget-container\">\n\t\t\t\t\t\t\t<p>1. postupak uvo\u0111enja eura ne\u0107e se zloupotrijebiti za neopravdano pove\u0107anje cijena roba i usluga unato\u010d tome \u0161to se cijene formiraju na temelju ponude i potra\u017enje na slobodnom tr\u017ei\u0161tu;<br \/>2. prera\u010dunavanje cijena i drugih nov\u010danih iskaza vrijednosti te zaokru\u017eivanje istih obavljat \u0107e se isklju\u010divo po fiksnom te\u010daju konverzije u njegovom punom broj\u010danom iznosu te u skladu s matemati\u010dkim pravilima zaokru\u017eivanja;<br \/>3. na prodajnim mjestima i mjestima pru\u017eanja usluga odnosno na internetskim stranicama, dvojno \u0107e se iskazati cijene i drugi nov\u010dani iskazi vrijednosti za sve robe i usluge u kuni i u euru u razdoblju dvojnog iskazivanja cijena, od 5. rujna 2022. do 31. prosinca 2023.;<br \/>4. prilikom provo\u0111enja promotivnih i marketin\u0161kih aktivnosti prikazivat \u0107e se dvojno iskazane cijene i drugi nov\u010dani iskazi vrijednosti uvijek prikazuju\u0107i i fiksni te\u010daj konverzije;<\/p>\t\t\t\t\t\t<\/div>\n\t\t\t\t<\/div>\n\t\t\t\t\t<\/div>\n\t\t<\/div>\n\t\t\t\t<div class=\"elementor-column elementor-col-50 elementor-inner-column elementor-element elementor-element-20b58705 elementor-invisible\" data-id=\"20b58705\" data-element_type=\"column\" data-settings=\"{&quot;animation&quot;:&quot;fadeIn&quot;,&quot;animation_delay&quot;:200}\">\n\t\t\t<div class=\"elementor-widget-wrap elementor-element-populated\">\n\t\t\t\t\t\t<div class=\"elementor-element elementor-element-4ebfc0bf elementor-invisible elementor-widget elementor-widget-text-editor\" data-id=\"4ebfc0bf\" data-element_type=\"widget\" data-settings=\"{&quot;_animation&quot;:&quot;fadeIn&quot;,&quot;_animation_delay&quot;:150}\" data-widget_type=\"text-editor.default\">\n\t\t\t\t<div class=\"elementor-widget-container\">\n\t\t\t\t\t\t\t<p>5. fiksni te\u010daj konverzije bit \u0107e istaknut na ra\u010dunima, u prodajnom prostoru, mjestu pru\u017eanja usluga odnosno na internetskim stranicama na jasan, \u010ditljiv, vidljiv i lako uo\u010dljiv na\u010din s ciljem \u0161to jednostavnijeg prera\u010dunavanja i usporedbe cijena i drugih nov\u010danih iskaza vrijednosti za potro\u0161a\u010de;<br \/>6. radnici poslovnog subjekta bit \u0107e pravodobno informirani i osposobljeni vezano uz postupak uvo\u0111enja eura kako bi potro\u0161a\u010dima na \u0161to transparentniji na\u010din objasnili pravila o prera\u010dunavanju i zaokru\u017eivanju cijena i drugih nov\u010danih iskaza vrijednosti te dvojnom iskazivanju u okviru svoje djelatnosti;<br \/>7. u razdoblju dvojnog optjecaja posebna pa\u017enja posvetit \u0107e se pravilnom i jasnom prera\u010dunavanju ostatka iznosa koji se mora vratiti potro\u0161a\u010du u eurima.<\/p>\t\t\t\t\t\t<\/div>\n\t\t\t\t<\/div>\n\t\t\t\t\t<\/div>\n\t\t<\/div>\n\t\t\t\t\t<\/div>\n\t\t<\/section>\n\t\t\t\t\t<\/div>\n\t\t<\/div>\n\t\t\t\t\t<\/div>\n\t\t<\/section>\n\t\t\t\t<section class=\"elementor-section elementor-top-section elementor-element elementor-element-14d993b elementor-section-boxed elementor-section-height-default elementor-section-height-default\" data-id=\"14d993b\" data-element_type=\"section\">\n\t\t\t\t\t\t<div class=\"elementor-container elementor-column-gap-default\">\n\t\t\t\t\t<div class=\"elementor-column elementor-col-100 elementor-top-column elementor-element elementor-element-3b2a6f8\" data-id=\"3b2a6f8\" data-element_type=\"column\">\n\t\t\t<div class=\"elementor-widget-wrap elementor-element-populated\">\n\t\t\t\t\t\t<div class=\"elementor-element elementor-element-1745764 elementor-widget elementor-widget-text-editor\" data-id=\"1745764\" data-element_type=\"widget\" data-widget_type=\"text-editor.default\">\n\t\t\t\t<div class=\"elementor-widget-container\">\n\t\t\t\t\t\t\t<p style=\"text-align: center;\">Vizualna identifikacijska oznaka &#8211; logotip i slogan, bit \u0107e postavljena na prodajna mjesta i mjesta pru\u017eanja usluga odnosno na internetske stranice, uklju\u010duju\u0107i postavljanje vizualne identifikacijske oznake i prilikom provo\u0111enja promotivnih i marketin\u0161kih aktivnosti.<br \/>Prestanak obveze primjene Eti\u010dkog kodeksa nastupa s danom 31.12.2023., ili s danom oduzimanja prava na isticanje vizualne identifikacijske oznake, ili s danom prestanka postojanja pravne osobnosti.<br \/>Popis aktivnih poslovnih subjekata koji su pristupili Eti\u010dkom kodeksu bit \u0107e javno dostupan na\u00a0slu\u017ebenoj internetskoj stranici uvo\u0111enja eura www.euro.hr.<\/p>\t\t\t\t\t\t<\/div>\n\t\t\t\t<\/div>\n\t\t\t\t\t<\/div>\n\t\t<\/div>\n\t\t\t\t\t<\/div>\n\t\t<\/section>\n\t\t\t\t<section class=\"elementor-section elementor-top-section elementor-element elementor-element-b202d51 elementor-section-boxed elementor-section-height-default elementor-section-height-default\" data-id=\"b202d51\" data-element_type=\"section\">\n\t\t\t\t\t\t<div class=\"elementor-container elementor-column-gap-default\">\n\t\t\t\t\t<div class=\"elementor-column elementor-col-100 elementor-top-column elementor-element elementor-element-1173580\" data-id=\"1173580\" data-element_type=\"column\">\n\t\t\t<div class=\"elementor-widget-wrap elementor-element-populated\">\n\t\t\t\t\t\t<div class=\"elementor-element elementor-element-a088bd9 elementor-widget elementor-widget-heading\" data-id=\"a088bd9\" data-element_type=\"widget\" data-widget_type=\"heading.default\">\n\t\t\t\t<div class=\"elementor-widget-container\">\n\t\t\t<h2 class=\"elementor-heading-title elementor-size-default\">Ministarstvo gospodarstva i odr\u017eivog razvoja Republike Hrvatske\n<\/h2>\t\t<\/div>\n\t\t\t\t<\/div>\n\t\t\t\t\t<\/div>\n\t\t<\/div>\n\t\t\t\t\t<\/div>\n\t\t<\/section>\n\t\t\t\t<section class=\"elementor-section elementor-top-section elementor-element elementor-element-7298bc3 elementor-section-boxed elementor-section-height-default elementor-section-height-default\" data-id=\"7298bc3\" data-element_type=\"section\">\n\t\t\t\t\t\t<div class=\"elementor-container elementor-column-gap-default\">\n\t\t\t\t\t<div class=\"elementor-column elementor-col-100 elementor-top-column elementor-element elementor-element-78db6fb\" data-id=\"78db6fb\" data-element_type=\"column\">\n\t\t\t<div class=\"elementor-widget-wrap elementor-element-populated\">\n\t\t\t\t\t\t<div class=\"elementor-element elementor-element-bd6a916 elementor-widget elementor-widget-text-editor\" data-id=\"bd6a916\" data-element_type=\"widget\" data-widget_type=\"text-editor.default\">\n\t\t\t\t<div class=\"elementor-widget-container\">\n\t\t\t\t\t\t\t<p style=\"text-align: center;\"><em>Ako ste zainteresirani za kupovinu ili najam nove te rabljene IT opreme, posjetite web stranicu <a href=\"https:\/\/expert-i4next.hr\/\">Expert-i4next<\/a>.<\/em><\/p>\t\t\t\t\t\t<\/div>\n\t\t\t\t<\/div>\n\t\t\t\t\t<\/div>\n\t\t<\/div>\n\t\t\t\t\t<\/div>\n\t\t<\/section>\n\t\t\t\t<\/div>\n\t\t","protected":false},"excerpt":{"rendered":"<p>Eti\u010dki kodeks Eti\u010dki kodeks utvr\u0111uje na\u010dine postupanja poslovnih subjekata u svrhu pouzdanog i transparentnog uvo\u0111enja eura u Republici Hrvatskoj, s ciljem stvaranja povjerenja i sigurnog okru\u017eenja za potro\u0161a\u010de. Eti\u010dki kodeks namijenjen je svakom poslovnom subjektu u nefinancijskom i financijskom sektoru, koji radi u Republici Hrvatskoj i posluje u izravnom odnosu s potro\u0161a\u010dima. S danom pristupanja &hellip;<\/p>\n<p class=\"read-more\"> <a class=\"\" href=\"https:\/\/i4next.hr\/index.php\/eticki-kodeks\/\"> <span class=\"screen-reader-text\">Eti\u010dki kodeks<\/span> Read More &raquo;<\/a><\/p>\n","protected":false},"author":5,"featured_media":0,"parent":0,"menu_order":0,"comment_status":"closed","ping_status":"closed","template":"","meta":{"site-sidebar-layout":"no-sidebar","site-content-layout":"page-builder","ast-global-header-display":"","ast-main-header-display":"","ast-hfb-above-header-display":"","ast-hfb-below-header-display":"","ast-hfb-mobile-header-display":"","site-post-title":"disabled","ast-breadcrumbs-content":"","ast-featured-img":"disabled","footer-sml-layout":"","theme-transparent-header-meta":"","adv-header-id-meta":"","stick-header-meta":"","header-above-stick-meta":"","header-main-stick-meta":"","header-below-stick-meta":"","footnotes":""},"class_list":["post-1984","page","type-page","status-publish","hentry"],"yoast_head":"<!-- This site is optimized with the Yoast SEO plugin v27.5 - https:\/\/yoast.com\/product\/yoast-seo-wordpress\/ -->\n<title>Eti\u010dki kodeks - i4next leasing Croatia<\/title>\n<meta name=\"description\" content=\"Eti\u010dki kodeks utvr\u0111uje na\u010dine postupanja poslovnih subjekata u svrhu pouzdanog i transparentnog uvo\u0111enja eura u Republici Hrvatskoj.\" \/>\n<meta name=\"robots\" content=\"index, follow, max-snippet:-1, max-image-preview:large, max-video-preview:-1\" \/>\n<link rel=\"canonical\" href=\"https:\/\/i4next.hr\/index.php\/eticki-kodeks\/\" \/>\n<meta property=\"og:locale\" content=\"hr_HR\" \/>\n<meta property=\"og:type\" content=\"article\" \/>\n<meta property=\"og:title\" content=\"Eti\u010dki kodeks - i4next leasing Croatia\" \/>\n<meta property=\"og:description\" content=\"Eti\u010dki kodeks utvr\u0111uje na\u010dine postupanja poslovnih subjekata u svrhu pouzdanog i transparentnog uvo\u0111enja eura u Republici Hrvatskoj.\" \/>\n<meta property=\"og:url\" content=\"https:\/\/i4next.hr\/index.php\/eticki-kodeks\/\" \/>\n<meta property=\"og:site_name\" content=\"i4next leasing Croatia\" \/>\n<meta property=\"article:modified_time\" content=\"2023-11-29T14:44:43+00:00\" \/>\n<meta property=\"og:image\" content=\"https:\/\/i4next.hr\/wp-content\/uploads\/2023\/05\/Logo-final.png\" \/>\n\t<meta property=\"og:image:width\" content=\"250\" \/>\n\t<meta property=\"og:image:height\" content=\"150\" \/>\n\t<meta property=\"og:image:type\" content=\"image\/png\" \/>\n<meta name=\"twitter:card\" content=\"summary_large_image\" \/>\n<meta name=\"twitter:label1\" content=\"Procijenjeno vrijeme \u010ditanja\" \/>\n\t<meta name=\"twitter:data1\" content=\"2 minute\" \/>\n<script type=\"application\/ld+json\" class=\"yoast-schema-graph\">{\"@context\":\"https:\\\/\\\/schema.org\",\"@graph\":[{\"@type\":\"WebPage\",\"@id\":\"https:\\\/\\\/i4next.hr\\\/index.php\\\/eticki-kodeks\\\/\",\"url\":\"https:\\\/\\\/i4next.hr\\\/index.php\\\/eticki-kodeks\\\/\",\"name\":\"Eti\u010dki kodeks - i4next leasing Croatia\",\"isPartOf\":{\"@id\":\"https:\\\/\\\/i4next.hr\\\/#website\"},\"datePublished\":\"2023-07-11T19:53:21+00:00\",\"dateModified\":\"2023-11-29T14:44:43+00:00\",\"description\":\"Eti\u010dki kodeks utvr\u0111uje na\u010dine postupanja poslovnih subjekata u svrhu pouzdanog i transparentnog uvo\u0111enja eura u Republici Hrvatskoj.\",\"breadcrumb\":{\"@id\":\"https:\\\/\\\/i4next.hr\\\/index.php\\\/eticki-kodeks\\\/#breadcrumb\"},\"inLanguage\":\"hr\",\"potentialAction\":[{\"@type\":\"ReadAction\",\"target\":[\"https:\\\/\\\/i4next.hr\\\/index.php\\\/eticki-kodeks\\\/\"]}]},{\"@type\":\"BreadcrumbList\",\"@id\":\"https:\\\/\\\/i4next.hr\\\/index.php\\\/eticki-kodeks\\\/#breadcrumb\",\"itemListElement\":[{\"@type\":\"ListItem\",\"position\":1,\"name\":\"Po\u010detna stranica\",\"item\":\"https:\\\/\\\/i4next.hr\\\/\"},{\"@type\":\"ListItem\",\"position\":2,\"name\":\"Eti\u010dki kodeks\"}]},{\"@type\":\"WebSite\",\"@id\":\"https:\\\/\\\/i4next.hr\\\/#website\",\"url\":\"https:\\\/\\\/i4next.hr\\\/\",\"name\":\"i4next leasing Croatia\",\"description\":\"\",\"publisher\":{\"@id\":\"https:\\\/\\\/i4next.hr\\\/#organization\"},\"potentialAction\":[{\"@type\":\"SearchAction\",\"target\":{\"@type\":\"EntryPoint\",\"urlTemplate\":\"https:\\\/\\\/i4next.hr\\\/?s={search_term_string}\"},\"query-input\":{\"@type\":\"PropertyValueSpecification\",\"valueRequired\":true,\"valueName\":\"search_term_string\"}}],\"inLanguage\":\"hr\"},{\"@type\":\"Organization\",\"@id\":\"https:\\\/\\\/i4next.hr\\\/#organization\",\"name\":\"i4next leasing Croatia\",\"alternateName\":\"i4next\",\"url\":\"https:\\\/\\\/i4next.hr\\\/\",\"logo\":{\"@type\":\"ImageObject\",\"inLanguage\":\"hr\",\"@id\":\"https:\\\/\\\/i4next.hr\\\/#\\\/schema\\\/logo\\\/image\\\/\",\"url\":\"https:\\\/\\\/i4next.hr\\\/wp-content\\\/uploads\\\/2023\\\/05\\\/Logo-final.png\",\"contentUrl\":\"https:\\\/\\\/i4next.hr\\\/wp-content\\\/uploads\\\/2023\\\/05\\\/Logo-final.png\",\"width\":250,\"height\":150,\"caption\":\"i4next leasing Croatia\"},\"image\":{\"@id\":\"https:\\\/\\\/i4next.hr\\\/#\\\/schema\\\/logo\\\/image\\\/\"},\"sameAs\":[\"https:\\\/\\\/www.linkedin.com\\\/company\\\/i4next-leasing-croatia-d-o-o-\\\/about\\\/\"]}]}<\/script>\n<!-- \/ Yoast SEO plugin. -->","yoast_head_json":{"title":"Eti\u010dki kodeks - i4next leasing Croatia","description":"Eti\u010dki kodeks utvr\u0111uje na\u010dine postupanja poslovnih subjekata u svrhu pouzdanog i transparentnog uvo\u0111enja eura u Republici Hrvatskoj.","robots":{"index":"index","follow":"follow","max-snippet":"max-snippet:-1","max-image-preview":"max-image-preview:large","max-video-preview":"max-video-preview:-1"},"canonical":"https:\/\/i4next.hr\/index.php\/eticki-kodeks\/","og_locale":"hr_HR","og_type":"article","og_title":"Eti\u010dki kodeks - i4next leasing Croatia","og_description":"Eti\u010dki kodeks utvr\u0111uje na\u010dine postupanja poslovnih subjekata u svrhu pouzdanog i transparentnog uvo\u0111enja eura u Republici Hrvatskoj.","og_url":"https:\/\/i4next.hr\/index.php\/eticki-kodeks\/","og_site_name":"i4next leasing Croatia","article_modified_time":"2023-11-29T14:44:43+00:00","og_image":[{"width":250,"height":150,"url":"https:\/\/i4next.hr\/wp-content\/uploads\/2023\/05\/Logo-final.png","type":"image\/png"}],"twitter_card":"summary_large_image","twitter_misc":{"Procijenjeno vrijeme \u010ditanja":"2 minute"},"schema":{"@context":"https:\/\/schema.org","@graph":[{"@type":"WebPage","@id":"https:\/\/i4next.hr\/index.php\/eticki-kodeks\/","url":"https:\/\/i4next.hr\/index.php\/eticki-kodeks\/","name":"Eti\u010dki kodeks - i4next leasing Croatia","isPartOf":{"@id":"https:\/\/i4next.hr\/#website"},"datePublished":"2023-07-11T19:53:21+00:00","dateModified":"2023-11-29T14:44:43+00:00","description":"Eti\u010dki kodeks utvr\u0111uje na\u010dine postupanja poslovnih subjekata u svrhu pouzdanog i transparentnog uvo\u0111enja eura u Republici Hrvatskoj.","breadcrumb":{"@id":"https:\/\/i4next.hr\/index.php\/eticki-kodeks\/#breadcrumb"},"inLanguage":"hr","potentialAction":[{"@type":"ReadAction","target":["https:\/\/i4next.hr\/index.php\/eticki-kodeks\/"]}]},{"@type":"BreadcrumbList","@id":"https:\/\/i4next.hr\/index.php\/eticki-kodeks\/#breadcrumb","itemListElement":[{"@type":"ListItem","position":1,"name":"Po\u010detna stranica","item":"https:\/\/i4next.hr\/"},{"@type":"ListItem","position":2,"name":"Eti\u010dki kodeks"}]},{"@type":"WebSite","@id":"https:\/\/i4next.hr\/#website","url":"https:\/\/i4next.hr\/","name":"i4next leasing Croatia","description":"","publisher":{"@id":"https:\/\/i4next.hr\/#organization"},"potentialAction":[{"@type":"SearchAction","target":{"@type":"EntryPoint","urlTemplate":"https:\/\/i4next.hr\/?s={search_term_string}"},"query-input":{"@type":"PropertyValueSpecification","valueRequired":true,"valueName":"search_term_string"}}],"inLanguage":"hr"},{"@type":"Organization","@id":"https:\/\/i4next.hr\/#organization","name":"i4next leasing Croatia","alternateName":"i4next","url":"https:\/\/i4next.hr\/","logo":{"@type":"ImageObject","inLanguage":"hr","@id":"https:\/\/i4next.hr\/#\/schema\/logo\/image\/","url":"https:\/\/i4next.hr\/wp-content\/uploads\/2023\/05\/Logo-final.png","contentUrl":"https:\/\/i4next.hr\/wp-content\/uploads\/2023\/05\/Logo-final.png","width":250,"height":150,"caption":"i4next leasing Croatia"},"image":{"@id":"https:\/\/i4next.hr\/#\/schema\/logo\/image\/"},"sameAs":["https:\/\/www.linkedin.com\/company\/i4next-leasing-croatia-d-o-o-\/about\/"]}]}},"_links":{"self":[{"href":"https:\/\/i4next.hr\/index.php\/wp-json\/wp\/v2\/pages\/1984","targetHints":{"allow":["GET"]}}],"collection":[{"href":"https:\/\/i4next.hr\/index.php\/wp-json\/wp\/v2\/pages"}],"about":[{"href":"https:\/\/i4next.hr\/index.php\/wp-json\/wp\/v2\/types\/page"}],"author":[{"embeddable":true,"href":"https:\/\/i4next.hr\/index.php\/wp-json\/wp\/v2\/users\/5"}],"replies":[{"embeddable":true,"href":"https:\/\/i4next.hr\/index.php\/wp-json\/wp\/v2\/comments?post=1984"}],"version-history":[{"count":45,"href":"https:\/\/i4next.hr\/index.php\/wp-json\/wp\/v2\/pages\/1984\/revisions"}],"predecessor-version":[{"id":2864,"href":"https:\/\/i4next.hr\/index.php\/wp-json\/wp\/v2\/pages\/1984\/revisions\/2864"}],"wp:attachment":[{"href":"https:\/\/i4next.hr\/index.php\/wp-json\/wp\/v2\/media?parent=1984"}],"curies":[{"name":"wp","href":"https:\/\/api.w.org\/{rel}","templated":true}]}}