{"id":3067,"date":"2023-11-26T22:22:38","date_gmt":"2023-11-26T21:22:38","guid":{"rendered":"https:\/\/i4next.hr\/?page_id=3067"},"modified":"2023-12-05T15:08:12","modified_gmt":"2023-12-05T14:08:12","slug":"najam-opreme","status":"publish","type":"page","link":"https:\/\/i4next.hr\/index.php\/najam-opreme\/","title":{"rendered":"Prodaja i najam"},"content":{"rendered":"\t\t<div data-elementor-type=\"wp-page\" data-elementor-id=\"3067\" class=\"elementor elementor-3067\" data-elementor-post-type=\"page\">\n\t\t\t\t\t\t<section class=\"elementor-section elementor-top-section elementor-element elementor-element-154c8e99 elementor-section-content-middle elementor-section-height-min-height elementor-section-boxed elementor-section-height-default elementor-section-items-middle\" data-id=\"154c8e99\" data-element_type=\"section\" data-settings=\"{&quot;background_background&quot;:&quot;classic&quot;}\">\n\t\t\t\t\t\t\t<div class=\"elementor-background-overlay\"><\/div>\n\t\t\t\t\t\t\t<div class=\"elementor-container elementor-column-gap-no\">\n\t\t\t\t\t<div class=\"elementor-column elementor-col-100 elementor-top-column elementor-element elementor-element-5ec441e\" data-id=\"5ec441e\" data-element_type=\"column\">\n\t\t\t<div class=\"elementor-widget-wrap elementor-element-populated\">\n\t\t\t\t\t\t<div class=\"elementor-element elementor-element-17efa9a9 elementor-widget__width-initial elementor-widget-mobile__width-inherit elementor-invisible elementor-widget elementor-widget-heading\" data-id=\"17efa9a9\" data-element_type=\"widget\" data-settings=\"{&quot;_animation&quot;:&quot;fadeIn&quot;,&quot;_animation_delay&quot;:100}\" data-widget_type=\"heading.default\">\n\t\t\t\t<div class=\"elementor-widget-container\">\n\t\t\t<style>\/*! elementor - v3.19.0 - 07-02-2024 *\/\n.elementor-heading-title{padding:0;margin:0;line-height:1}.elementor-widget-heading .elementor-heading-title[class*=elementor-size-]>a{color:inherit;font-size:inherit;line-height:inherit}.elementor-widget-heading .elementor-heading-title.elementor-size-small{font-size:15px}.elementor-widget-heading .elementor-heading-title.elementor-size-medium{font-size:19px}.elementor-widget-heading .elementor-heading-title.elementor-size-large{font-size:29px}.elementor-widget-heading .elementor-heading-title.elementor-size-xl{font-size:39px}.elementor-widget-heading .elementor-heading-title.elementor-size-xxl{font-size:59px}<\/style><h1 class=\"elementor-heading-title elementor-size-default\">Prodaja i najam opreme<\/h1>\t\t<\/div>\n\t\t\t\t<\/div>\n\t\t\t\t\t<\/div>\n\t\t<\/div>\n\t\t\t\t\t<\/div>\n\t\t<\/section>\n\t\t\t\t<section class=\"elementor-section elementor-top-section elementor-element elementor-element-2e7361d1 elementor-section-boxed elementor-section-height-default elementor-section-height-default\" data-id=\"2e7361d1\" data-element_type=\"section\" data-settings=\"{&quot;background_background&quot;:&quot;classic&quot;}\">\n\t\t\t\t\t\t\t<div class=\"elementor-background-overlay\"><\/div>\n\t\t\t\t\t\t\t<div class=\"elementor-container elementor-column-gap-default\">\n\t\t\t\t\t<div class=\"elementor-column elementor-col-100 elementor-top-column elementor-element elementor-element-5f304e0a\" data-id=\"5f304e0a\" data-element_type=\"column\">\n\t\t\t<div class=\"elementor-widget-wrap elementor-element-populated\">\n\t\t\t\t\t\t<section class=\"elementor-section elementor-inner-section elementor-element elementor-element-4645f2f2 elementor-section-content-middle envato-kit-164-top-0 elementor-section-boxed elementor-section-height-default elementor-section-height-default\" data-id=\"4645f2f2\" data-element_type=\"section\">\n\t\t\t\t\t\t<div class=\"elementor-container elementor-column-gap-wider\">\n\t\t\t\t\t<div class=\"elementor-column elementor-col-100 elementor-inner-column elementor-element elementor-element-20b58705 elementor-invisible\" data-id=\"20b58705\" data-element_type=\"column\" data-settings=\"{&quot;animation&quot;:&quot;fadeIn&quot;,&quot;animation_delay&quot;:200}\">\n\t\t\t<div class=\"elementor-widget-wrap elementor-element-populated\">\n\t\t\t\t\t\t<div class=\"elementor-element elementor-element-4ebfc0bf elementor-invisible elementor-widget elementor-widget-text-editor\" data-id=\"4ebfc0bf\" data-element_type=\"widget\" data-settings=\"{&quot;_animation&quot;:&quot;fadeIn&quot;,&quot;_animation_delay&quot;:150}\" data-widget_type=\"text-editor.default\">\n\t\t\t\t<div class=\"elementor-widget-container\">\n\t\t\t<style>\/*! elementor - v3.19.0 - 07-02-2024 *\/\n.elementor-widget-text-editor.elementor-drop-cap-view-stacked .elementor-drop-cap{background-color:#69727d;color:#fff}.elementor-widget-text-editor.elementor-drop-cap-view-framed .elementor-drop-cap{color:#69727d;border:3px solid;background-color:transparent}.elementor-widget-text-editor:not(.elementor-drop-cap-view-default) .elementor-drop-cap{margin-top:8px}.elementor-widget-text-editor:not(.elementor-drop-cap-view-default) .elementor-drop-cap-letter{width:1em;height:1em}.elementor-widget-text-editor .elementor-drop-cap{float:left;text-align:center;line-height:1;font-size:50px}.elementor-widget-text-editor .elementor-drop-cap-letter{display:inline-block}<\/style>\t\t\t\t<p>U suradnji s na\u0161om partnerskom tvrtkom Expert i4next, opremu mo\u017eete kupiti, ali i iznajmiti. Provjerite raznoliku ponudu opreme koja se vra\u0107a iz leasinga, potpuno novu ili obnovljenu (refurbished) opremu. Na\u0161om opremom osiguravamo vrhunsku kvalitetu i pouzdanost. U ponudi prona\u0111ite proizvode idealne za Vas i sve Va\u0161e potrebe &#8211; od monitora i ra\u010dunala do laptopa i printera.<\/p><p>Posjetite web stranicu <a href=\"https:\/\/expert-i4next.hr\/index.php\/prodaja-i-najam-opreme\/\">www.expert-i-4next.hr<\/a> i provjerite ponudu opreme ili nas kontaktirajte za vi\u0161e informacija.<\/p>\t\t\t\t\t\t<\/div>\n\t\t\t\t<\/div>\n\t\t\t\t\t<\/div>\n\t\t<\/div>\n\t\t\t\t\t<\/div>\n\t\t<\/section>\n\t\t\t\t\t<\/div>\n\t\t<\/div>\n\t\t\t\t\t<\/div>\n\t\t<\/section>\n\t\t\t\t<section class=\"elementor-section elementor-top-section elementor-element elementor-element-6f6d002 elementor-section-boxed elementor-section-height-default elementor-section-height-default\" data-id=\"6f6d002\" data-element_type=\"section\">\n\t\t\t\t\t\t<div class=\"elementor-container elementor-column-gap-default\">\n\t\t\t\t\t<div class=\"elementor-column elementor-col-100 elementor-top-column elementor-element elementor-element-e0aa628\" data-id=\"e0aa628\" data-element_type=\"column\">\n\t\t\t<div class=\"elementor-widget-wrap elementor-element-populated\">\n\t\t\t\t\t\t<div class=\"elementor-element elementor-element-7ab3833 elementor-widget elementor-widget-image\" data-id=\"7ab3833\" data-element_type=\"widget\" data-widget_type=\"image.default\">\n\t\t\t\t<div class=\"elementor-widget-container\">\n\t\t\t<style>\/*! elementor - v3.19.0 - 07-02-2024 *\/\n.elementor-widget-image{text-align:center}.elementor-widget-image a{display:inline-block}.elementor-widget-image a img[src$=\".svg\"]{width:48px}.elementor-widget-image img{vertical-align:middle;display:inline-block}<\/style>\t\t\t\t\t\t\t\t\t\t\t<a href=\"https:\/\/expert-i4next.hr\/index.php\/prodaja-i-najam-opreme\/\">\n\t\t\t\t\t\t\t<img fetchpriority=\"high\" decoding=\"async\" width=\"1024\" height=\"576\" src=\"https:\/\/i4next.hr\/wp-content\/uploads\/2023\/11\/prodaja-opreme-1024x576.png\" class=\"attachment-large size-large wp-image-3070\" alt=\"Prodaja opreme\" srcset=\"https:\/\/i4next.hr\/wp-content\/uploads\/2023\/11\/prodaja-opreme-1024x576.png 1024w, https:\/\/i4next.hr\/wp-content\/uploads\/2023\/11\/prodaja-opreme-300x169.png 300w, https:\/\/i4next.hr\/wp-content\/uploads\/2023\/11\/prodaja-opreme-768x432.png 768w, https:\/\/i4next.hr\/wp-content\/uploads\/2023\/11\/prodaja-opreme.png 1280w\" sizes=\"(max-width: 1024px) 100vw, 1024px\" \/>\t\t\t\t\t\t\t\t<\/a>\n\t\t\t\t\t\t\t\t\t\t\t\t\t<\/div>\n\t\t\t\t<\/div>\n\t\t\t\t\t<\/div>\n\t\t<\/div>\n\t\t\t\t\t<\/div>\n\t\t<\/section>\n\t\t\t\t<section class=\"elementor-section elementor-top-section elementor-element elementor-element-935664e elementor-section-boxed elementor-section-height-default elementor-section-height-default\" data-id=\"935664e\" data-element_type=\"section\">\n\t\t\t\t\t\t<div class=\"elementor-container elementor-column-gap-default\">\n\t\t\t\t\t<div class=\"elementor-column elementor-col-100 elementor-top-column elementor-element elementor-element-16e6e69\" data-id=\"16e6e69\" data-element_type=\"column\">\n\t\t\t<div class=\"elementor-widget-wrap elementor-element-populated\">\n\t\t\t\t\t\t<div class=\"elementor-element elementor-element-4ebed19 elementor-widget elementor-widget-text-editor\" data-id=\"4ebed19\" data-element_type=\"widget\" data-widget_type=\"text-editor.default\">\n\t\t\t\t<div class=\"elementor-widget-container\">\n\t\t\t\t\t\t\t<p style=\"text-align: center;\"><em>Ako ste zainteresirani za kupovinu ili najam nove te rabljene IT opreme, posjetite web stranicu <a href=\"https:\/\/expert-i4next.hr\/\">Expert-i4next.hr<\/a><\/em><\/p>\t\t\t\t\t\t<\/div>\n\t\t\t\t<\/div>\n\t\t\t\t\t<\/div>\n\t\t<\/div>\n\t\t\t\t\t<\/div>\n\t\t<\/section>\n\t\t\t\t<\/div>\n\t\t","protected":false},"excerpt":{"rendered":"<p>Prodaja i najam opreme U suradnji s na\u0161om partnerskom tvrtkom Expert i4next, opremu mo\u017eete kupiti, ali i iznajmiti. Provjerite raznoliku ponudu opreme koja se vra\u0107a iz leasinga, potpuno novu ili obnovljenu (refurbished) opremu. Na\u0161om opremom osiguravamo vrhunsku kvalitetu i pouzdanost. U ponudi prona\u0111ite proizvode idealne za Vas i sve Va\u0161e potrebe &#8211; od monitora i &hellip;<\/p>\n<p class=\"read-more\"> <a class=\"\" href=\"https:\/\/i4next.hr\/index.php\/najam-opreme\/\"> <span class=\"screen-reader-text\">Prodaja i najam<\/span> Read More &raquo;<\/a><\/p>\n","protected":false},"author":5,"featured_media":0,"parent":0,"menu_order":0,"comment_status":"closed","ping_status":"closed","template":"","meta":{"site-sidebar-layout":"no-sidebar","site-content-layout":"page-builder","ast-global-header-display":"","ast-main-header-display":"","ast-hfb-above-header-display":"","ast-hfb-below-header-display":"","ast-hfb-mobile-header-display":"","site-post-title":"disabled","ast-breadcrumbs-content":"","ast-featured-img":"disabled","footer-sml-layout":"","theme-transparent-header-meta":"","adv-header-id-meta":"","stick-header-meta":"","header-above-stick-meta":"","header-main-stick-meta":"","header-below-stick-meta":"","footnotes":""},"class_list":["post-3067","page","type-page","status-publish","hentry"],"yoast_head":"<!-- This site is optimized with the Yoast SEO plugin v27.5 - https:\/\/yoast.com\/product\/yoast-seo-wordpress\/ -->\n<title>Klub - Postanite \u010dlan na\u0161eg loyalty kluba!<\/title>\n<meta name=\"description\" content=\"Klub i4next leasing Croatia nudi brojne pogodnosti. Postanite \u010dlanom na\u0161eg loyalty kluba i ostvarite brojne pogodnosti!\" \/>\n<meta name=\"robots\" content=\"index, follow, max-snippet:-1, max-image-preview:large, max-video-preview:-1\" \/>\n<link rel=\"canonical\" href=\"https:\/\/i4next.hr\/index.php\/najam-opreme\/\" \/>\n<meta property=\"og:locale\" content=\"hr_HR\" \/>\n<meta property=\"og:type\" content=\"article\" \/>\n<meta property=\"og:title\" content=\"Klub - Postanite \u010dlan na\u0161eg loyalty kluba!\" \/>\n<meta property=\"og:description\" content=\"Klub i4next leasing Croatia nudi brojne pogodnosti. Postanite \u010dlanom na\u0161eg loyalty kluba i ostvarite brojne pogodnosti!\" \/>\n<meta property=\"og:url\" content=\"https:\/\/i4next.hr\/index.php\/najam-opreme\/\" \/>\n<meta property=\"og:site_name\" content=\"i4next leasing Croatia\" \/>\n<meta property=\"article:modified_time\" content=\"2023-12-05T14:08:12+00:00\" \/>\n<meta property=\"og:image\" content=\"https:\/\/i4next.hr\/wp-content\/uploads\/2023\/11\/prodaja-opreme-1024x576.png\" \/>\n<meta name=\"twitter:card\" content=\"summary_large_image\" \/>\n<meta name=\"twitter:label1\" content=\"Procijenjeno vrijeme \u010ditanja\" \/>\n\t<meta name=\"twitter:data1\" content=\"1 minuta\" \/>\n<script type=\"application\/ld+json\" class=\"yoast-schema-graph\">{\"@context\":\"https:\\\/\\\/schema.org\",\"@graph\":[{\"@type\":\"WebPage\",\"@id\":\"https:\\\/\\\/i4next.hr\\\/index.php\\\/najam-opreme\\\/\",\"url\":\"https:\\\/\\\/i4next.hr\\\/index.php\\\/najam-opreme\\\/\",\"name\":\"Klub - Postanite \u010dlan na\u0161eg loyalty kluba!\",\"isPartOf\":{\"@id\":\"https:\\\/\\\/i4next.hr\\\/#website\"},\"primaryImageOfPage\":{\"@id\":\"https:\\\/\\\/i4next.hr\\\/index.php\\\/najam-opreme\\\/#primaryimage\"},\"image\":{\"@id\":\"https:\\\/\\\/i4next.hr\\\/index.php\\\/najam-opreme\\\/#primaryimage\"},\"thumbnailUrl\":\"https:\\\/\\\/i4next.hr\\\/wp-content\\\/uploads\\\/2023\\\/11\\\/prodaja-opreme-1024x576.png\",\"datePublished\":\"2023-11-26T21:22:38+00:00\",\"dateModified\":\"2023-12-05T14:08:12+00:00\",\"description\":\"Klub i4next leasing Croatia nudi brojne pogodnosti. Postanite \u010dlanom na\u0161eg loyalty kluba i ostvarite brojne pogodnosti!\",\"breadcrumb\":{\"@id\":\"https:\\\/\\\/i4next.hr\\\/index.php\\\/najam-opreme\\\/#breadcrumb\"},\"inLanguage\":\"hr\",\"potentialAction\":[{\"@type\":\"ReadAction\",\"target\":[\"https:\\\/\\\/i4next.hr\\\/index.php\\\/najam-opreme\\\/\"]}]},{\"@type\":\"ImageObject\",\"inLanguage\":\"hr\",\"@id\":\"https:\\\/\\\/i4next.hr\\\/index.php\\\/najam-opreme\\\/#primaryimage\",\"url\":\"https:\\\/\\\/i4next.hr\\\/wp-content\\\/uploads\\\/2023\\\/11\\\/prodaja-opreme.png\",\"contentUrl\":\"https:\\\/\\\/i4next.hr\\\/wp-content\\\/uploads\\\/2023\\\/11\\\/prodaja-opreme.png\",\"width\":1280,\"height\":720,\"caption\":\"Prodaja opreme\"},{\"@type\":\"BreadcrumbList\",\"@id\":\"https:\\\/\\\/i4next.hr\\\/index.php\\\/najam-opreme\\\/#breadcrumb\",\"itemListElement\":[{\"@type\":\"ListItem\",\"position\":1,\"name\":\"Po\u010detna stranica\",\"item\":\"https:\\\/\\\/i4next.hr\\\/\"},{\"@type\":\"ListItem\",\"position\":2,\"name\":\"Prodaja i najam\"}]},{\"@type\":\"WebSite\",\"@id\":\"https:\\\/\\\/i4next.hr\\\/#website\",\"url\":\"https:\\\/\\\/i4next.hr\\\/\",\"name\":\"i4next leasing Croatia\",\"description\":\"\",\"publisher\":{\"@id\":\"https:\\\/\\\/i4next.hr\\\/#organization\"},\"potentialAction\":[{\"@type\":\"SearchAction\",\"target\":{\"@type\":\"EntryPoint\",\"urlTemplate\":\"https:\\\/\\\/i4next.hr\\\/?s={search_term_string}\"},\"query-input\":{\"@type\":\"PropertyValueSpecification\",\"valueRequired\":true,\"valueName\":\"search_term_string\"}}],\"inLanguage\":\"hr\"},{\"@type\":\"Organization\",\"@id\":\"https:\\\/\\\/i4next.hr\\\/#organization\",\"name\":\"i4next leasing Croatia\",\"alternateName\":\"i4next\",\"url\":\"https:\\\/\\\/i4next.hr\\\/\",\"logo\":{\"@type\":\"ImageObject\",\"inLanguage\":\"hr\",\"@id\":\"https:\\\/\\\/i4next.hr\\\/#\\\/schema\\\/logo\\\/image\\\/\",\"url\":\"https:\\\/\\\/i4next.hr\\\/wp-content\\\/uploads\\\/2023\\\/05\\\/Logo-final.png\",\"contentUrl\":\"https:\\\/\\\/i4next.hr\\\/wp-content\\\/uploads\\\/2023\\\/05\\\/Logo-final.png\",\"width\":250,\"height\":150,\"caption\":\"i4next leasing Croatia\"},\"image\":{\"@id\":\"https:\\\/\\\/i4next.hr\\\/#\\\/schema\\\/logo\\\/image\\\/\"},\"sameAs\":[\"https:\\\/\\\/www.linkedin.com\\\/company\\\/i4next-leasing-croatia-d-o-o-\\\/about\\\/\"]}]}<\/script>\n<!-- \/ Yoast SEO plugin. -->","yoast_head_json":{"title":"Klub - Postanite \u010dlan na\u0161eg loyalty kluba!","description":"Klub i4next leasing Croatia nudi brojne pogodnosti. Postanite \u010dlanom na\u0161eg loyalty kluba i ostvarite brojne pogodnosti!","robots":{"index":"index","follow":"follow","max-snippet":"max-snippet:-1","max-image-preview":"max-image-preview:large","max-video-preview":"max-video-preview:-1"},"canonical":"https:\/\/i4next.hr\/index.php\/najam-opreme\/","og_locale":"hr_HR","og_type":"article","og_title":"Klub - Postanite \u010dlan na\u0161eg loyalty kluba!","og_description":"Klub i4next leasing Croatia nudi brojne pogodnosti. Postanite \u010dlanom na\u0161eg loyalty kluba i ostvarite brojne pogodnosti!","og_url":"https:\/\/i4next.hr\/index.php\/najam-opreme\/","og_site_name":"i4next leasing Croatia","article_modified_time":"2023-12-05T14:08:12+00:00","og_image":[{"url":"https:\/\/i4next.hr\/wp-content\/uploads\/2023\/11\/prodaja-opreme-1024x576.png","type":"","width":"","height":""}],"twitter_card":"summary_large_image","twitter_misc":{"Procijenjeno vrijeme \u010ditanja":"1 minuta"},"schema":{"@context":"https:\/\/schema.org","@graph":[{"@type":"WebPage","@id":"https:\/\/i4next.hr\/index.php\/najam-opreme\/","url":"https:\/\/i4next.hr\/index.php\/najam-opreme\/","name":"Klub - Postanite \u010dlan na\u0161eg loyalty kluba!","isPartOf":{"@id":"https:\/\/i4next.hr\/#website"},"primaryImageOfPage":{"@id":"https:\/\/i4next.hr\/index.php\/najam-opreme\/#primaryimage"},"image":{"@id":"https:\/\/i4next.hr\/index.php\/najam-opreme\/#primaryimage"},"thumbnailUrl":"https:\/\/i4next.hr\/wp-content\/uploads\/2023\/11\/prodaja-opreme-1024x576.png","datePublished":"2023-11-26T21:22:38+00:00","dateModified":"2023-12-05T14:08:12+00:00","description":"Klub i4next leasing Croatia nudi brojne pogodnosti. Postanite \u010dlanom na\u0161eg loyalty kluba i ostvarite brojne pogodnosti!","breadcrumb":{"@id":"https:\/\/i4next.hr\/index.php\/najam-opreme\/#breadcrumb"},"inLanguage":"hr","potentialAction":[{"@type":"ReadAction","target":["https:\/\/i4next.hr\/index.php\/najam-opreme\/"]}]},{"@type":"ImageObject","inLanguage":"hr","@id":"https:\/\/i4next.hr\/index.php\/najam-opreme\/#primaryimage","url":"https:\/\/i4next.hr\/wp-content\/uploads\/2023\/11\/prodaja-opreme.png","contentUrl":"https:\/\/i4next.hr\/wp-content\/uploads\/2023\/11\/prodaja-opreme.png","width":1280,"height":720,"caption":"Prodaja opreme"},{"@type":"BreadcrumbList","@id":"https:\/\/i4next.hr\/index.php\/najam-opreme\/#breadcrumb","itemListElement":[{"@type":"ListItem","position":1,"name":"Po\u010detna stranica","item":"https:\/\/i4next.hr\/"},{"@type":"ListItem","position":2,"name":"Prodaja i najam"}]},{"@type":"WebSite","@id":"https:\/\/i4next.hr\/#website","url":"https:\/\/i4next.hr\/","name":"i4next leasing Croatia","description":"","publisher":{"@id":"https:\/\/i4next.hr\/#organization"},"potentialAction":[{"@type":"SearchAction","target":{"@type":"EntryPoint","urlTemplate":"https:\/\/i4next.hr\/?s={search_term_string}"},"query-input":{"@type":"PropertyValueSpecification","valueRequired":true,"valueName":"search_term_string"}}],"inLanguage":"hr"},{"@type":"Organization","@id":"https:\/\/i4next.hr\/#organization","name":"i4next leasing Croatia","alternateName":"i4next","url":"https:\/\/i4next.hr\/","logo":{"@type":"ImageObject","inLanguage":"hr","@id":"https:\/\/i4next.hr\/#\/schema\/logo\/image\/","url":"https:\/\/i4next.hr\/wp-content\/uploads\/2023\/05\/Logo-final.png","contentUrl":"https:\/\/i4next.hr\/wp-content\/uploads\/2023\/05\/Logo-final.png","width":250,"height":150,"caption":"i4next leasing Croatia"},"image":{"@id":"https:\/\/i4next.hr\/#\/schema\/logo\/image\/"},"sameAs":["https:\/\/www.linkedin.com\/company\/i4next-leasing-croatia-d-o-o-\/about\/"]}]}},"_links":{"self":[{"href":"https:\/\/i4next.hr\/index.php\/wp-json\/wp\/v2\/pages\/3067","targetHints":{"allow":["GET"]}}],"collection":[{"href":"https:\/\/i4next.hr\/index.php\/wp-json\/wp\/v2\/pages"}],"about":[{"href":"https:\/\/i4next.hr\/index.php\/wp-json\/wp\/v2\/types\/page"}],"author":[{"embeddable":true,"href":"https:\/\/i4next.hr\/index.php\/wp-json\/wp\/v2\/users\/5"}],"replies":[{"embeddable":true,"href":"https:\/\/i4next.hr\/index.php\/wp-json\/wp\/v2\/comments?post=3067"}],"version-history":[{"count":32,"href":"https:\/\/i4next.hr\/index.php\/wp-json\/wp\/v2\/pages\/3067\/revisions"}],"predecessor-version":[{"id":3119,"href":"https:\/\/i4next.hr\/index.php\/wp-json\/wp\/v2\/pages\/3067\/revisions\/3119"}],"wp:attachment":[{"href":"https:\/\/i4next.hr\/index.php\/wp-json\/wp\/v2\/media?parent=3067"}],"curies":[{"name":"wp","href":"https:\/\/api.w.org\/{rel}","templated":true}]}}