{"id":3174,"date":"2024-02-26T13:43:29","date_gmt":"2024-02-26T12:43:29","guid":{"rendered":"https:\/\/i4next.hr\/?page_id=3174"},"modified":"2024-06-25T12:55:35","modified_gmt":"2024-06-25T10:55:35","slug":"blog","status":"publish","type":"page","link":"https:\/\/i4next.hr\/index.php\/blog\/","title":{"rendered":"Blog"},"content":{"rendered":"\t\t<div data-elementor-type=\"wp-page\" data-elementor-id=\"3174\" class=\"elementor elementor-3174\" data-elementor-post-type=\"page\">\n\t\t\t\t\t\t<section class=\"elementor-section elementor-top-section elementor-element elementor-element-154c8e99 elementor-section-content-middle elementor-section-height-min-height elementor-section-boxed elementor-section-height-default elementor-section-items-middle\" data-id=\"154c8e99\" data-element_type=\"section\" data-settings=\"{&quot;background_background&quot;:&quot;classic&quot;}\">\n\t\t\t\t\t\t\t<div class=\"elementor-background-overlay\"><\/div>\n\t\t\t\t\t\t\t<div class=\"elementor-container elementor-column-gap-no\">\n\t\t\t\t\t<div class=\"elementor-column elementor-col-100 elementor-top-column elementor-element elementor-element-5ec441e\" data-id=\"5ec441e\" data-element_type=\"column\">\n\t\t\t<div class=\"elementor-widget-wrap elementor-element-populated\">\n\t\t\t\t\t\t<div class=\"elementor-element elementor-element-17efa9a9 elementor-widget__width-initial elementor-widget-mobile__width-inherit elementor-invisible elementor-widget elementor-widget-heading\" data-id=\"17efa9a9\" data-element_type=\"widget\" data-settings=\"{&quot;_animation&quot;:&quot;fadeIn&quot;,&quot;_animation_delay&quot;:100}\" data-widget_type=\"heading.default\">\n\t\t\t\t<div class=\"elementor-widget-container\">\n\t\t\t<style>\/*! elementor - v3.19.0 - 07-02-2024 *\/\n.elementor-heading-title{padding:0;margin:0;line-height:1}.elementor-widget-heading .elementor-heading-title[class*=elementor-size-]>a{color:inherit;font-size:inherit;line-height:inherit}.elementor-widget-heading .elementor-heading-title.elementor-size-small{font-size:15px}.elementor-widget-heading .elementor-heading-title.elementor-size-medium{font-size:19px}.elementor-widget-heading .elementor-heading-title.elementor-size-large{font-size:29px}.elementor-widget-heading .elementor-heading-title.elementor-size-xl{font-size:39px}.elementor-widget-heading .elementor-heading-title.elementor-size-xxl{font-size:59px}<\/style><h1 class=\"elementor-heading-title elementor-size-default\">Blog<\/h1>\t\t<\/div>\n\t\t\t\t<\/div>\n\t\t\t\t\t<\/div>\n\t\t<\/div>\n\t\t\t\t\t<\/div>\n\t\t<\/section>\n\t\t\t\t<section class=\"elementor-section elementor-top-section elementor-element elementor-element-2e7361d1 elementor-section-boxed elementor-section-height-default elementor-section-height-default\" data-id=\"2e7361d1\" data-element_type=\"section\" data-settings=\"{&quot;background_background&quot;:&quot;classic&quot;}\">\n\t\t\t\t\t\t\t<div class=\"elementor-background-overlay\"><\/div>\n\t\t\t\t\t\t\t<div class=\"elementor-container elementor-column-gap-default\">\n\t\t\t\t\t<div class=\"elementor-column elementor-col-100 elementor-top-column elementor-element elementor-element-5f304e0a\" data-id=\"5f304e0a\" data-element_type=\"column\">\n\t\t\t<div class=\"elementor-widget-wrap elementor-element-populated\">\n\t\t\t\t\t\t<div class=\"elementor-element elementor-element-f9a3713 elementor-posts--align-center elementor-widget__width-inherit elementor-grid-2 elementor-grid-tablet-2 elementor-grid-mobile-1 elementor-posts--thumbnail-top elementor-widget elementor-widget-posts\" data-id=\"f9a3713\" data-element_type=\"widget\" data-settings=\"{&quot;pagination_type&quot;:&quot;numbers&quot;,&quot;classic_columns&quot;:&quot;2&quot;,&quot;classic_columns_tablet&quot;:&quot;2&quot;,&quot;classic_columns_mobile&quot;:&quot;1&quot;,&quot;classic_row_gap&quot;:{&quot;unit&quot;:&quot;px&quot;,&quot;size&quot;:35,&quot;sizes&quot;:[]},&quot;classic_row_gap_tablet&quot;:{&quot;unit&quot;:&quot;px&quot;,&quot;size&quot;:&quot;&quot;,&quot;sizes&quot;:[]},&quot;classic_row_gap_mobile&quot;:{&quot;unit&quot;:&quot;px&quot;,&quot;size&quot;:&quot;&quot;,&quot;sizes&quot;:[]}}\" data-widget_type=\"posts.classic\">\n\t\t\t\t<div class=\"elementor-widget-container\">\n\t\t\t<link rel=\"stylesheet\" href=\"https:\/\/i4next.hr\/wp-content\/plugins\/elementor-pro\/assets\/css\/widget-posts.min.css\">\t\t<div class=\"elementor-posts-container elementor-posts elementor-posts--skin-classic elementor-grid\">\n\t\t\t\t<article class=\"elementor-post elementor-grid-item post-3258 post type-post status-publish format-standard has-post-thumbnail hentry category-nekategorizirano tag-leasing tag-leasing-it-opreme tag-leasing-mobilnih-uredaja tag-leasing-mobitela\">\n\t\t\t\t<a class=\"elementor-post__thumbnail__link\" href=\"https:\/\/i4next.hr\/index.php\/2024\/02\/29\/leasing-mobilnih-uredaja\/\" >\n\t\t\t<div class=\"elementor-post__thumbnail\"><img fetchpriority=\"high\" decoding=\"async\" width=\"300\" height=\"169\" src=\"https:\/\/i4next.hr\/wp-content\/uploads\/2024\/02\/Leasing-mobilnih-uredaja-Mobilnost-za-uspjesno-poslovanje-300x169.png\" class=\"attachment-medium size-medium wp-image-3230\" alt=\"Leasing mobilnih ure\u0111aja Mobilnost za uspje\u0161no poslovanje\" srcset=\"https:\/\/i4next.hr\/wp-content\/uploads\/2024\/02\/Leasing-mobilnih-uredaja-Mobilnost-za-uspjesno-poslovanje-300x169.png 300w, https:\/\/i4next.hr\/wp-content\/uploads\/2024\/02\/Leasing-mobilnih-uredaja-Mobilnost-za-uspjesno-poslovanje-1024x576.png 1024w, https:\/\/i4next.hr\/wp-content\/uploads\/2024\/02\/Leasing-mobilnih-uredaja-Mobilnost-za-uspjesno-poslovanje-768x432.png 768w, https:\/\/i4next.hr\/wp-content\/uploads\/2024\/02\/Leasing-mobilnih-uredaja-Mobilnost-za-uspjesno-poslovanje.png 1280w\" sizes=\"(max-width: 300px) 100vw, 300px\" \/><\/div>\n\t\t<\/a>\n\t\t\t\t<div class=\"elementor-post__text\">\n\t\t\t\t<h2 class=\"elementor-post__title\">\n\t\t\t<a href=\"https:\/\/i4next.hr\/index.php\/2024\/02\/29\/leasing-mobilnih-uredaja\/\" >\n\t\t\t\tLeasing mobilnih ure\u0111aja: Mobilnost za uspje\u0161no poslovanje\t\t\t<\/a>\n\t\t<\/h2>\n\t\t\t\t<div class=\"elementor-post__meta-data\">\n\t\t\t\t\t<span class=\"elementor-post-author\">\n\t\t\tAdmin\t\t<\/span>\n\t\t\t\t<span class=\"elementor-post-date\">\n\t\t\t29. velja\u010de 2024.\t\t<\/span>\n\t\t\t\t<\/div>\n\t\t\t\t<div class=\"elementor-post__excerpt\">\n\t\t\t<p>Leasing mobilnih ure\u0111aja pru\u017ea Vam bolji izbor mobitela bez izdvajanja velike koli\u010dine novca. Uz i4next, odaberite mobitele prilago\u0111ene upravo Vama.<\/p>\n\t\t<\/div>\n\t\t\n\t\t<a class=\"elementor-post__read-more\" href=\"https:\/\/i4next.hr\/index.php\/2024\/02\/29\/leasing-mobilnih-uredaja\/\" aria-label=\"Read more about Leasing mobilnih ure\u0111aja: Mobilnost za uspje\u0161no poslovanje\" >\n\t\t\tPro\u010ditaj vi\u0161e \u00bb\t\t<\/a>\n\n\t\t\t\t<\/div>\n\t\t\t\t<\/article>\n\t\t\t\t<article class=\"elementor-post elementor-grid-item post-3189 post type-post status-publish format-standard has-post-thumbnail hentry category-nekategorizirano tag-leasing tag-leasing-it-opreme\">\n\t\t\t\t<a class=\"elementor-post__thumbnail__link\" href=\"https:\/\/i4next.hr\/index.php\/2024\/02\/26\/kako-operativni-leasing-it-opreme-povecava-produktivnost-tvrtke\/\" >\n\t\t\t<div class=\"elementor-post__thumbnail\"><img decoding=\"async\" width=\"300\" height=\"169\" src=\"https:\/\/i4next.hr\/wp-content\/uploads\/2024\/02\/9-300x169.png\" class=\"attachment-medium size-medium wp-image-3186\" alt=\"Kako operativni leasing IT opreme pove\u0107ava produktivnost tvrtke?\" srcset=\"https:\/\/i4next.hr\/wp-content\/uploads\/2024\/02\/9-300x169.png 300w, https:\/\/i4next.hr\/wp-content\/uploads\/2024\/02\/9-1024x576.png 1024w, https:\/\/i4next.hr\/wp-content\/uploads\/2024\/02\/9-768x432.png 768w, https:\/\/i4next.hr\/wp-content\/uploads\/2024\/02\/9.png 1280w\" sizes=\"(max-width: 300px) 100vw, 300px\" \/><\/div>\n\t\t<\/a>\n\t\t\t\t<div class=\"elementor-post__text\">\n\t\t\t\t<h2 class=\"elementor-post__title\">\n\t\t\t<a href=\"https:\/\/i4next.hr\/index.php\/2024\/02\/26\/kako-operativni-leasing-it-opreme-povecava-produktivnost-tvrtke\/\" >\n\t\t\t\tKako operativni leasing IT opreme pove\u0107ava produktivnost tvrtke?\t\t\t<\/a>\n\t\t<\/h2>\n\t\t\t\t<div class=\"elementor-post__meta-data\">\n\t\t\t\t\t<span class=\"elementor-post-author\">\n\t\t\tAdmin\t\t<\/span>\n\t\t\t\t<span class=\"elementor-post-date\">\n\t\t\t26. velja\u010de 2024.\t\t<\/span>\n\t\t\t\t<\/div>\n\t\t\t\t<div class=\"elementor-post__excerpt\">\n\t\t\t<p>Leasing IT opreme omogu\u0107uje Vam nabavku: prijenosnih i stolnih ra\u010dunala, tableta, mobitela, printera, servera i druge tehnolo\u0161ke opreme.<\/p>\n\t\t<\/div>\n\t\t\n\t\t<a class=\"elementor-post__read-more\" href=\"https:\/\/i4next.hr\/index.php\/2024\/02\/26\/kako-operativni-leasing-it-opreme-povecava-produktivnost-tvrtke\/\" aria-label=\"Read more about Kako operativni leasing IT opreme pove\u0107ava produktivnost tvrtke?\" >\n\t\t\tPro\u010ditaj vi\u0161e \u00bb\t\t<\/a>\n\n\t\t\t\t<\/div>\n\t\t\t\t<\/article>\n\t\t\t\t<\/div>\n\t\t\n\t\t\t\t<\/div>\n\t\t\t\t<\/div>\n\t\t\t\t\t<\/div>\n\t\t<\/div>\n\t\t\t\t\t<\/div>\n\t\t<\/section>\n\t\t\t\t<section class=\"elementor-section elementor-top-section elementor-element elementor-element-f40a276 elementor-section-boxed elementor-section-height-default elementor-section-height-default\" data-id=\"f40a276\" data-element_type=\"section\">\n\t\t\t\t\t\t<div class=\"elementor-container elementor-column-gap-default\">\n\t\t\t\t\t<div class=\"elementor-column elementor-col-100 elementor-top-column elementor-element elementor-element-7242b0a\" data-id=\"7242b0a\" data-element_type=\"column\">\n\t\t\t<div class=\"elementor-widget-wrap elementor-element-populated\">\n\t\t\t\t\t\t<div class=\"elementor-element elementor-element-8cc7ce9 elementor-widget elementor-widget-text-editor\" data-id=\"8cc7ce9\" data-element_type=\"widget\" data-widget_type=\"text-editor.default\">\n\t\t\t\t<div class=\"elementor-widget-container\">\n\t\t\t<style>\/*! elementor - v3.19.0 - 07-02-2024 *\/\n.elementor-widget-text-editor.elementor-drop-cap-view-stacked .elementor-drop-cap{background-color:#69727d;color:#fff}.elementor-widget-text-editor.elementor-drop-cap-view-framed .elementor-drop-cap{color:#69727d;border:3px solid;background-color:transparent}.elementor-widget-text-editor:not(.elementor-drop-cap-view-default) .elementor-drop-cap{margin-top:8px}.elementor-widget-text-editor:not(.elementor-drop-cap-view-default) .elementor-drop-cap-letter{width:1em;height:1em}.elementor-widget-text-editor .elementor-drop-cap{float:left;text-align:center;line-height:1;font-size:50px}.elementor-widget-text-editor .elementor-drop-cap-letter{display:inline-block}<\/style>\t\t\t\t<p style=\"text-align: center;\"><em>Ako ste zainteresirani za kupovinu ili najam nove te rabljene IT opreme, posjetite web stranicu <a href=\"https:\/\/expert-i4next.hr\/\">Expert-i4next<\/a>.<\/em><\/p>\t\t\t\t\t\t<\/div>\n\t\t\t\t<\/div>\n\t\t\t\t\t<\/div>\n\t\t<\/div>\n\t\t\t\t\t<\/div>\n\t\t<\/section>\n\t\t\t\t<\/div>\n\t\t","protected":false},"excerpt":{"rendered":"<p>Blog Ako ste zainteresirani za kupovinu ili najam nove te rabljene IT opreme, posjetite web stranicu Expert-i4next.<\/p>\n","protected":false},"author":5,"featured_media":0,"parent":0,"menu_order":0,"comment_status":"closed","ping_status":"closed","template":"","meta":{"site-sidebar-layout":"no-sidebar","site-content-layout":"page-builder","ast-global-header-display":"","ast-main-header-display":"","ast-hfb-above-header-display":"","ast-hfb-below-header-display":"","ast-hfb-mobile-header-display":"","site-post-title":"disabled","ast-breadcrumbs-content":"","ast-featured-img":"disabled","footer-sml-layout":"","theme-transparent-header-meta":"","adv-header-id-meta":"","stick-header-meta":"","header-above-stick-meta":"","header-main-stick-meta":"","header-below-stick-meta":"","footnotes":""},"class_list":["post-3174","page","type-page","status-publish","hentry"],"yoast_head":"<!-- This site is optimized with the Yoast SEO plugin v27.4 - https:\/\/yoast.com\/product\/yoast-seo-wordpress\/ -->\n<title>Blog - i4next leasing Croatia<\/title>\n<meta name=\"description\" content=\"Saznajte sve o leasingu IT opreme, medicinske opreme, opreme za komunalna dru\u0161tva i ugostiteljstvo te opreme u industriji.\" \/>\n<meta name=\"robots\" content=\"index, follow, max-snippet:-1, max-image-preview:large, max-video-preview:-1\" \/>\n<link rel=\"canonical\" href=\"https:\/\/i4next.hr\/index.php\/blog\/\" \/>\n<meta property=\"og:locale\" content=\"hr_HR\" \/>\n<meta property=\"og:type\" content=\"article\" \/>\n<meta property=\"og:title\" content=\"Blog - i4next leasing Croatia\" \/>\n<meta property=\"og:description\" content=\"Saznajte sve o leasingu IT opreme, medicinske opreme, opreme za komunalna dru\u0161tva i ugostiteljstvo te opreme u industriji.\" \/>\n<meta property=\"og:url\" content=\"https:\/\/i4next.hr\/index.php\/blog\/\" \/>\n<meta property=\"og:site_name\" content=\"i4next leasing Croatia\" \/>\n<meta property=\"article:modified_time\" content=\"2024-06-25T10:55:35+00:00\" \/>\n<meta property=\"og:image\" content=\"https:\/\/i4next.hr\/wp-content\/uploads\/2023\/05\/Logo-final.png\" \/>\n\t<meta property=\"og:image:width\" content=\"250\" \/>\n\t<meta property=\"og:image:height\" content=\"150\" \/>\n\t<meta property=\"og:image:type\" content=\"image\/png\" \/>\n<meta name=\"twitter:card\" content=\"summary_large_image\" \/>\n<meta name=\"twitter:label1\" content=\"Procijenjeno vrijeme \u010ditanja\" \/>\n\t<meta name=\"twitter:data1\" content=\"1 minuta\" \/>\n<script type=\"application\/ld+json\" class=\"yoast-schema-graph\">{\"@context\":\"https:\\\/\\\/schema.org\",\"@graph\":[{\"@type\":\"WebPage\",\"@id\":\"https:\\\/\\\/i4next.hr\\\/index.php\\\/blog\\\/\",\"url\":\"https:\\\/\\\/i4next.hr\\\/index.php\\\/blog\\\/\",\"name\":\"Blog - i4next leasing Croatia\",\"isPartOf\":{\"@id\":\"https:\\\/\\\/i4next.hr\\\/#website\"},\"datePublished\":\"2024-02-26T12:43:29+00:00\",\"dateModified\":\"2024-06-25T10:55:35+00:00\",\"description\":\"Saznajte sve o leasingu IT opreme, medicinske opreme, opreme za komunalna dru\u0161tva i ugostiteljstvo te opreme u industriji.\",\"breadcrumb\":{\"@id\":\"https:\\\/\\\/i4next.hr\\\/index.php\\\/blog\\\/#breadcrumb\"},\"inLanguage\":\"hr\",\"potentialAction\":[{\"@type\":\"ReadAction\",\"target\":[\"https:\\\/\\\/i4next.hr\\\/index.php\\\/blog\\\/\"]}]},{\"@type\":\"BreadcrumbList\",\"@id\":\"https:\\\/\\\/i4next.hr\\\/index.php\\\/blog\\\/#breadcrumb\",\"itemListElement\":[{\"@type\":\"ListItem\",\"position\":1,\"name\":\"Po\u010detna stranica\",\"item\":\"https:\\\/\\\/i4next.hr\\\/\"},{\"@type\":\"ListItem\",\"position\":2,\"name\":\"Blog\"}]},{\"@type\":\"WebSite\",\"@id\":\"https:\\\/\\\/i4next.hr\\\/#website\",\"url\":\"https:\\\/\\\/i4next.hr\\\/\",\"name\":\"i4next leasing Croatia\",\"description\":\"\",\"publisher\":{\"@id\":\"https:\\\/\\\/i4next.hr\\\/#organization\"},\"potentialAction\":[{\"@type\":\"SearchAction\",\"target\":{\"@type\":\"EntryPoint\",\"urlTemplate\":\"https:\\\/\\\/i4next.hr\\\/?s={search_term_string}\"},\"query-input\":{\"@type\":\"PropertyValueSpecification\",\"valueRequired\":true,\"valueName\":\"search_term_string\"}}],\"inLanguage\":\"hr\"},{\"@type\":\"Organization\",\"@id\":\"https:\\\/\\\/i4next.hr\\\/#organization\",\"name\":\"i4next leasing Croatia\",\"alternateName\":\"i4next\",\"url\":\"https:\\\/\\\/i4next.hr\\\/\",\"logo\":{\"@type\":\"ImageObject\",\"inLanguage\":\"hr\",\"@id\":\"https:\\\/\\\/i4next.hr\\\/#\\\/schema\\\/logo\\\/image\\\/\",\"url\":\"https:\\\/\\\/i4next.hr\\\/wp-content\\\/uploads\\\/2023\\\/05\\\/Logo-final.png\",\"contentUrl\":\"https:\\\/\\\/i4next.hr\\\/wp-content\\\/uploads\\\/2023\\\/05\\\/Logo-final.png\",\"width\":250,\"height\":150,\"caption\":\"i4next leasing Croatia\"},\"image\":{\"@id\":\"https:\\\/\\\/i4next.hr\\\/#\\\/schema\\\/logo\\\/image\\\/\"},\"sameAs\":[\"https:\\\/\\\/www.linkedin.com\\\/company\\\/i4next-leasing-croatia-d-o-o-\\\/about\\\/\"]}]}<\/script>\n<!-- \/ Yoast SEO plugin. -->","yoast_head_json":{"title":"Blog - i4next leasing Croatia","description":"Saznajte sve o leasingu IT opreme, medicinske opreme, opreme za komunalna dru\u0161tva i ugostiteljstvo te opreme u industriji.","robots":{"index":"index","follow":"follow","max-snippet":"max-snippet:-1","max-image-preview":"max-image-preview:large","max-video-preview":"max-video-preview:-1"},"canonical":"https:\/\/i4next.hr\/index.php\/blog\/","og_locale":"hr_HR","og_type":"article","og_title":"Blog - i4next leasing Croatia","og_description":"Saznajte sve o leasingu IT opreme, medicinske opreme, opreme za komunalna dru\u0161tva i ugostiteljstvo te opreme u industriji.","og_url":"https:\/\/i4next.hr\/index.php\/blog\/","og_site_name":"i4next leasing Croatia","article_modified_time":"2024-06-25T10:55:35+00:00","og_image":[{"width":250,"height":150,"url":"https:\/\/i4next.hr\/wp-content\/uploads\/2023\/05\/Logo-final.png","type":"image\/png"}],"twitter_card":"summary_large_image","twitter_misc":{"Procijenjeno vrijeme \u010ditanja":"1 minuta"},"schema":{"@context":"https:\/\/schema.org","@graph":[{"@type":"WebPage","@id":"https:\/\/i4next.hr\/index.php\/blog\/","url":"https:\/\/i4next.hr\/index.php\/blog\/","name":"Blog - i4next leasing Croatia","isPartOf":{"@id":"https:\/\/i4next.hr\/#website"},"datePublished":"2024-02-26T12:43:29+00:00","dateModified":"2024-06-25T10:55:35+00:00","description":"Saznajte sve o leasingu IT opreme, medicinske opreme, opreme za komunalna dru\u0161tva i ugostiteljstvo te opreme u industriji.","breadcrumb":{"@id":"https:\/\/i4next.hr\/index.php\/blog\/#breadcrumb"},"inLanguage":"hr","potentialAction":[{"@type":"ReadAction","target":["https:\/\/i4next.hr\/index.php\/blog\/"]}]},{"@type":"BreadcrumbList","@id":"https:\/\/i4next.hr\/index.php\/blog\/#breadcrumb","itemListElement":[{"@type":"ListItem","position":1,"name":"Po\u010detna stranica","item":"https:\/\/i4next.hr\/"},{"@type":"ListItem","position":2,"name":"Blog"}]},{"@type":"WebSite","@id":"https:\/\/i4next.hr\/#website","url":"https:\/\/i4next.hr\/","name":"i4next leasing Croatia","description":"","publisher":{"@id":"https:\/\/i4next.hr\/#organization"},"potentialAction":[{"@type":"SearchAction","target":{"@type":"EntryPoint","urlTemplate":"https:\/\/i4next.hr\/?s={search_term_string}"},"query-input":{"@type":"PropertyValueSpecification","valueRequired":true,"valueName":"search_term_string"}}],"inLanguage":"hr"},{"@type":"Organization","@id":"https:\/\/i4next.hr\/#organization","name":"i4next leasing Croatia","alternateName":"i4next","url":"https:\/\/i4next.hr\/","logo":{"@type":"ImageObject","inLanguage":"hr","@id":"https:\/\/i4next.hr\/#\/schema\/logo\/image\/","url":"https:\/\/i4next.hr\/wp-content\/uploads\/2023\/05\/Logo-final.png","contentUrl":"https:\/\/i4next.hr\/wp-content\/uploads\/2023\/05\/Logo-final.png","width":250,"height":150,"caption":"i4next leasing Croatia"},"image":{"@id":"https:\/\/i4next.hr\/#\/schema\/logo\/image\/"},"sameAs":["https:\/\/www.linkedin.com\/company\/i4next-leasing-croatia-d-o-o-\/about\/"]}]}},"_links":{"self":[{"href":"https:\/\/i4next.hr\/index.php\/wp-json\/wp\/v2\/pages\/3174","targetHints":{"allow":["GET"]}}],"collection":[{"href":"https:\/\/i4next.hr\/index.php\/wp-json\/wp\/v2\/pages"}],"about":[{"href":"https:\/\/i4next.hr\/index.php\/wp-json\/wp\/v2\/types\/page"}],"author":[{"embeddable":true,"href":"https:\/\/i4next.hr\/index.php\/wp-json\/wp\/v2\/users\/5"}],"replies":[{"embeddable":true,"href":"https:\/\/i4next.hr\/index.php\/wp-json\/wp\/v2\/comments?post=3174"}],"version-history":[{"count":16,"href":"https:\/\/i4next.hr\/index.php\/wp-json\/wp\/v2\/pages\/3174\/revisions"}],"predecessor-version":[{"id":3297,"href":"https:\/\/i4next.hr\/index.php\/wp-json\/wp\/v2\/pages\/3174\/revisions\/3297"}],"wp:attachment":[{"href":"https:\/\/i4next.hr\/index.php\/wp-json\/wp\/v2\/media?parent=3174"}],"curies":[{"name":"wp","href":"https:\/\/api.w.org\/{rel}","templated":true}]}}